{"id":4890,"date":"2024-06-03T17:08:11","date_gmt":"2024-06-03T21:08:11","guid":{"rendered":"https:\/\/rallyebdc.com\/?page_id=4890"},"modified":"2024-06-03T17:08:12","modified_gmt":"2024-06-03T21:08:12","slug":"nacam-and-crc-payment","status":"publish","type":"page","link":"https:\/\/rallyebdc.com\/en\/nacam-and-crc-payment\/","title":{"rendered":"NACAM and CRC Payment"},"content":{"rendered":"\n\n<form action=\"https:\/\/www.paypal.com\/cgi-bin\/webscr\" method=\"post\" target=\"_blank\">\n  <input type=\"hidden\" name=\"cmd\" value=\"_s-xclick\"><br>\n  <input type=\"hidden\" name=\"hosted_button_id\" value=\"D3HJ3K5K6RRMQ\"><p><\/p>\n<table>\n<tbody><tr>\n<td>\n        <input type=\"hidden\" name=\"on0\" value=\"Nacam + CRC Registration Fees\"><br>\n        Nacam + CRC Registration Fees\n      <\/td>\n<\/tr>\n<tr>\n<td>\n        <select name=\"os0\"><option value=\"Nacam and CRC\">\n            Nacam and CRC 3 000,00 $ USD\n          <\/option><\/select>\n      <\/td>\n<\/tr>\n<\/tbody><\/table>\n<p>  <input type=\"hidden\" name=\"currency_code\" value=\"USD\"><br>\n  <input type=\"image\" src=\"https:\/\/www.paypalobjects.com\/fr_CA\/i\/btn\/btn_cart_LG.gif\" border=\"0\" name=\"submit\" title=\"PayPal, le r\u00e9flexe s\u00e9curit\u00e9 pour payer en ligne\" alt=\"Ajouter au panier\"><br>\n<\/p><\/form>","protected":false},"excerpt":{"rendered":"<p>Nacam + CRC Registration Fees Nacam and CRC 3 000,00 $ USD<\/p>\n","protected":false},"author":51,"featured_media":0,"parent":0,"menu_order":0,"comment_status":"closed","ping_status":"closed","template":"","meta":{"footnotes":""},"class_list":["post-4890","page","type-page","status-publish","hentry"],"_links":{"self":[{"href":"https:\/\/rallyebdc.com\/en\/wp-json\/wp\/v2\/pages\/4890","targetHints":{"allow":["GET"]}}],"collection":[{"href":"https:\/\/rallyebdc.com\/en\/wp-json\/wp\/v2\/pages"}],"about":[{"href":"https:\/\/rallyebdc.com\/en\/wp-json\/wp\/v2\/types\/page"}],"author":[{"embeddable":true,"href":"https:\/\/rallyebdc.com\/en\/wp-json\/wp\/v2\/users\/51"}],"replies":[{"embeddable":true,"href":"https:\/\/rallyebdc.com\/en\/wp-json\/wp\/v2\/comments?post=4890"}],"version-history":[{"count":1,"href":"https:\/\/rallyebdc.com\/en\/wp-json\/wp\/v2\/pages\/4890\/revisions"}],"predecessor-version":[{"id":4891,"href":"https:\/\/rallyebdc.com\/en\/wp-json\/wp\/v2\/pages\/4890\/revisions\/4891"}],"wp:attachment":[{"href":"https:\/\/rallyebdc.com\/en\/wp-json\/wp\/v2\/media?parent=4890"}],"curies":[{"name":"wp","href":"https:\/\/api.w.org\/{rel}","templated":true}]}}