{"id":4659,"date":"2023-05-23T15:59:46","date_gmt":"2023-05-23T19:59:46","guid":{"rendered":"https:\/\/rallyebdc.com\/?page_id=4659"},"modified":"2024-07-10T20:33:20","modified_gmt":"2024-07-11T00:33:20","slug":"gasoline-payment-victor","status":"publish","type":"page","link":"https:\/\/rallyebdc.com\/en\/gasoline-payment-victor\/","title":{"rendered":"Payment Cabin VP Garage"},"content":{"rendered":"<form action=\"https:\/\/www.paypal.com\/cgi-bin\/webscr\" method=\"post\" target=\"_top\">\n  <input type=\"hidden\" name=\"cmd\" value=\"_s-xclick\"><br \/>\n<input type=\"hidden\" name=\"hosted_button_id\" value=\"GSWSHAWSF4852\"><\/p>\n<table>\n<tbody>\n<tr>\n<td>\n        <input type=\"hidden\" name=\"on0\" value=\"Cabin VP Garage\"><br \/>\nCabin VP Garage<\/td>\n<\/tr>\n<tr>\n<td>\n        <select name=\"os0\"><option value=\"Cabin VP Garage\"><br \/>\n            Cabin VP Garage 4 200,00 $ CAD<br \/>\n          <\/option><\/select><\/td>\n<\/tr>\n<\/tbody>\n<\/table>\n<p><input type=\"hidden\" name=\"currency_code\" value=\"CAD\"><br \/>\n<input type=\"image\" src=\"https:\/\/www.paypalobjects.com\/en_US\/i\/btn\/btn_buynowCC_LG.gif\" border=\"0\" name=\"submit\" title=\"PayPal, le r\u00e9flexe s\u00e9curit\u00e9 pour payer en ligne\" alt=\"Acheter\"><br \/>\n<\/form>\n","protected":false},"excerpt":{"rendered":"<p>Cabin VP Garage Cabin VP Garage 4 200,00 $ CAD<\/p>\n","protected":false},"author":51,"featured_media":0,"parent":0,"menu_order":0,"comment_status":"closed","ping_status":"closed","template":"","meta":{"footnotes":""},"class_list":["post-4659","page","type-page","status-publish","hentry"],"_links":{"self":[{"href":"https:\/\/rallyebdc.com\/en\/wp-json\/wp\/v2\/pages\/4659","targetHints":{"allow":["GET"]}}],"collection":[{"href":"https:\/\/rallyebdc.com\/en\/wp-json\/wp\/v2\/pages"}],"about":[{"href":"https:\/\/rallyebdc.com\/en\/wp-json\/wp\/v2\/types\/page"}],"author":[{"embeddable":true,"href":"https:\/\/rallyebdc.com\/en\/wp-json\/wp\/v2\/users\/51"}],"replies":[{"embeddable":true,"href":"https:\/\/rallyebdc.com\/en\/wp-json\/wp\/v2\/comments?post=4659"}],"version-history":[{"count":5,"href":"https:\/\/rallyebdc.com\/en\/wp-json\/wp\/v2\/pages\/4659\/revisions"}],"predecessor-version":[{"id":5028,"href":"https:\/\/rallyebdc.com\/en\/wp-json\/wp\/v2\/pages\/4659\/revisions\/5028"}],"wp:attachment":[{"href":"https:\/\/rallyebdc.com\/en\/wp-json\/wp\/v2\/media?parent=4659"}],"curies":[{"name":"wp","href":"https:\/\/api.w.org\/{rel}","templated":true}]}}